{"id":62,"date":"2014-12-06T15:22:52","date_gmt":"2014-12-06T15:22:52","guid":{"rendered":"http:\/\/www.association-aldo.fr\/?page_id=62"},"modified":"2014-12-06T16:50:57","modified_gmt":"2014-12-06T16:50:57","slug":"adherez","status":"publish","type":"page","link":"https:\/\/www.association-aldo.fr\/?page_id=62","title":{"rendered":"Adh\u00e9rez"},"content":{"rendered":"<p class=\"style_doubleTitre\"><strong>Membre d&rsquo;honneur<\/strong><\/p>\n<p class=\"style_double\">Adressez une carte postale amicale de soutien &amp; A.L.D.O. et devenez gratuitement membre amical, important pour le soutien moral des familles<\/p>\n<p class=\"style_double\"><strong>Membre actif<\/strong><\/p>\n<p class=\"style_double\">&#8211; par courrier : remplissez <a href=\"https:\/\/www.association-aldo.fr\/wp-content\/uploads\/2014\/12\/bon_adhesion_aldo.pdf\">bon d&rsquo;adh\u00e9sion<\/a>\u00a0et joignez-y une ch\u00e8que de 5\u20ac \u00e0 l&rsquo;ordre de A.L.D.O. \u00e0 cette adresse : 9 rue du Ch\u00e2teauneuf, 06400 Cannes.<\/p>\n<p class=\"style_double\"><strong>Membre bienfaiteur<\/strong><\/p>\n<p class=\"style_double\">Oeuvre d&rsquo;inter\u00eat g\u00e9n\u00e9ral parue au J.O. le 21.10.2006 sous le num\u00e9ro 2 006 0042.<\/p>\n<p class=\"style_double\">&#8211; par courrier : remplissez <a href=\"https:\/\/www.association-aldo.fr\/wp-content\/uploads\/2014\/12\/bon_adhesion_aldo.pdf\">bon d&rsquo;adh\u00e9sion<\/a>\u00a0et joignez-y un ch\u00e8que du montant de votre choix<\/p>\n<p class=\"style_double\">Vous pouvez b\u00e9n\u00e9ficier d&rsquo;une r\u00e9duction d&rsquo;imp\u00f4t sur le revenu (un re\u00e7u vous sera adress\u00e9 \u00e0 joindre \u00e0 votre d\u00e9claration de revenu fiscal ).<\/p>\n","protected":false},"excerpt":{"rendered":"<p>Membre d&rsquo;honneur Adressez une carte postale amicale de soutien &amp; A.L.D.O. et devenez gratuitement membre amical, important pour le soutien moral des familles Membre actif &#8211; par courrier : remplissez bon d&rsquo;adh\u00e9sion\u00a0et joignez-y une ch\u00e8que de 5\u20ac \u00e0 l&rsquo;ordre de A.L.D.O. \u00e0 cette adresse : 9 rue du Ch\u00e2teauneuf, 06400 Cannes. Membre bienfaiteur Oeuvre d&rsquo;inter\u00eat <a class=\"read-more\" href=\"https:\/\/www.association-aldo.fr\/?page_id=62\">[&hellip;]<\/a><\/p>\n","protected":false},"author":1,"featured_media":0,"parent":0,"menu_order":0,"comment_status":"open","ping_status":"open","template":"","meta":{"jetpack_post_was_ever_published":false,"footnotes":""},"class_list":["post-62","page","type-page","status-publish","hentry"],"jetpack_sharing_enabled":true,"jetpack_shortlink":"https:\/\/wp.me\/P5wfJU-10","jetpack-related-posts":[],"_links":{"self":[{"href":"https:\/\/www.association-aldo.fr\/index.php?rest_route=\/wp\/v2\/pages\/62","targetHints":{"allow":["GET"]}}],"collection":[{"href":"https:\/\/www.association-aldo.fr\/index.php?rest_route=\/wp\/v2\/pages"}],"about":[{"href":"https:\/\/www.association-aldo.fr\/index.php?rest_route=\/wp\/v2\/types\/page"}],"author":[{"embeddable":true,"href":"https:\/\/www.association-aldo.fr\/index.php?rest_route=\/wp\/v2\/users\/1"}],"replies":[{"embeddable":true,"href":"https:\/\/www.association-aldo.fr\/index.php?rest_route=%2Fwp%2Fv2%2Fcomments&post=62"}],"version-history":[{"count":3,"href":"https:\/\/www.association-aldo.fr\/index.php?rest_route=\/wp\/v2\/pages\/62\/revisions"}],"predecessor-version":[{"id":86,"href":"https:\/\/www.association-aldo.fr\/index.php?rest_route=\/wp\/v2\/pages\/62\/revisions\/86"}],"wp:attachment":[{"href":"https:\/\/www.association-aldo.fr\/index.php?rest_route=%2Fwp%2Fv2%2Fmedia&parent=62"}],"curies":[{"name":"wp","href":"https:\/\/api.w.org\/{rel}","templated":true}]}}