{"id":79,"date":"2014-12-06T16:47:02","date_gmt":"2014-12-06T16:47:02","guid":{"rendered":"http:\/\/www.association-aldo.fr\/?page_id=79"},"modified":"2014-12-06T16:47:02","modified_gmt":"2014-12-06T16:47:02","slug":"un-peu-de-lecture","status":"publish","type":"page","link":"https:\/\/www.association-aldo.fr\/?page_id=79","title":{"rendered":"Un peu de lecture"},"content":{"rendered":"<p class=\"style_double\">Peeters Theo <em>\u00ab\u00a0Autisme : de la compr\u00e9hension \u00e0 l&rsquo;intervention\u00a0\u00bb<\/em><br \/>\nEdition Dunod, Paris, 1996<\/p>\n<p class=\"style_double\">Tr\u00e9hin Paul et Laxer Gloria <em>\u00ab\u00a0Les troubles du comportement : associ\u00e9s \u00e0 l&rsquo;autisme et autres handicaps mentaux\u00a0\u00bb<\/em><br \/>\nEdition Autisme France Diffusion, Mougins, 2001<\/p>\n<p class=\"style_double\">Williams Donna <em>\u00a0\u00bb Si on me touche, je n&rsquo;existe plus\u00a0\u00bb<\/em><br \/>\nEdition J&rsquo;ai lu, Paris, 1992<\/p>\n<p class=\"style_double\">Gillis Alain <em>\u00ab\u00a0L&rsquo;autisme attrap\u00e9 par le corps\u00a0\u00bb<\/em><br \/>\nEdition mardaga, Belgiue, 1998<\/p>\n<p class=\"style_double\">Bioy Antoine, Bourgeois Fran\u00e7oise et N\u00e8gre Isabelle <em>\u00ab\u00a0Communication soignant soign\u00e9\u00a0\u00bb<\/em><br \/>\nEdition Breal, St Germain du Puy, 2003<\/p>\n<p class=\"style_double\">De Clerc Ilde <em>\u00ab\u00a0Dis maman, c&rsquo;est un homme ou un animal\u00a0\u00bb<\/em><br \/>\nEdition Autisme France diffusion, Mougins, 2002<\/p>\n<p class=\"style_double\">Moigeaon Marc <em>\u00ab\u00a0Encyclop\u00e9die illustr\u00e9e\u00a0\u00bb<\/em><br \/>\nEdition Hachette, 1993<\/p>\n<p class=\"style_double\">Guedj nicole, Creneau-Jabaud <em>\u00ab\u00a0Ressources et Handicap. Le guide des droits des personnes handicap\u00e9es\u00a0\u00bb<\/em><br \/>\nEdition Claude Fitoussi<\/p>\n<p class=\"style_double\">Kristeva Julia, Gardou Charles <em>\u00ab\u00a0Handicap, le temps des engagements (actes des \u00ab\u00a0\u00e9tats g\u00e9n\u00e9raux du handicap\u00a0\u00bb de 2005)\u00a0\u00bb<\/em><br \/>\nEdition PUF<\/p>\n<p class=\"style_double\">Cabit Alain <em>\u00ab\u00a0Handicap\u00e9s : tous vos droits, coll \u00ab\u00a0Le conseiller juridique pour tous\u00a0\u00bb\u00a0\u00bb<\/em><br \/>\nEdition du Puits Fleuri<\/p>\n<p>&nbsp;<\/p>\n","protected":false},"excerpt":{"rendered":"<p>Peeters Theo \u00ab\u00a0Autisme : de la compr\u00e9hension \u00e0 l&rsquo;intervention\u00a0\u00bb Edition Dunod, Paris, 1996 Tr\u00e9hin Paul et Laxer Gloria \u00ab\u00a0Les troubles du comportement : associ\u00e9s \u00e0 l&rsquo;autisme et autres handicaps mentaux\u00a0\u00bb Edition Autisme France Diffusion, Mougins, 2001 Williams Donna \u00a0\u00bb Si on me touche, je n&rsquo;existe plus\u00a0\u00bb Edition J&rsquo;ai lu, Paris, 1992 Gillis Alain \u00ab\u00a0L&rsquo;autisme attrap\u00e9 <a class=\"read-more\" href=\"https:\/\/www.association-aldo.fr\/?page_id=79\">[&hellip;]<\/a><\/p>\n","protected":false},"author":1,"featured_media":0,"parent":12,"menu_order":0,"comment_status":"open","ping_status":"open","template":"","meta":{"jetpack_post_was_ever_published":false,"footnotes":""},"class_list":["post-79","page","type-page","status-publish","hentry"],"jetpack_sharing_enabled":true,"jetpack_shortlink":"https:\/\/wp.me\/P5wfJU-1h","jetpack-related-posts":[],"_links":{"self":[{"href":"https:\/\/www.association-aldo.fr\/index.php?rest_route=\/wp\/v2\/pages\/79","targetHints":{"allow":["GET"]}}],"collection":[{"href":"https:\/\/www.association-aldo.fr\/index.php?rest_route=\/wp\/v2\/pages"}],"about":[{"href":"https:\/\/www.association-aldo.fr\/index.php?rest_route=\/wp\/v2\/types\/page"}],"author":[{"embeddable":true,"href":"https:\/\/www.association-aldo.fr\/index.php?rest_route=\/wp\/v2\/users\/1"}],"replies":[{"embeddable":true,"href":"https:\/\/www.association-aldo.fr\/index.php?rest_route=%2Fwp%2Fv2%2Fcomments&post=79"}],"version-history":[{"count":1,"href":"https:\/\/www.association-aldo.fr\/index.php?rest_route=\/wp\/v2\/pages\/79\/revisions"}],"predecessor-version":[{"id":80,"href":"https:\/\/www.association-aldo.fr\/index.php?rest_route=\/wp\/v2\/pages\/79\/revisions\/80"}],"up":[{"embeddable":true,"href":"https:\/\/www.association-aldo.fr\/index.php?rest_route=\/wp\/v2\/pages\/12"}],"wp:attachment":[{"href":"https:\/\/www.association-aldo.fr\/index.php?rest_route=%2Fwp%2Fv2%2Fmedia&parent=79"}],"curies":[{"name":"wp","href":"https:\/\/api.w.org\/{rel}","templated":true}]}}