{"id":81,"date":"2014-12-06T16:47:28","date_gmt":"2014-12-06T16:47:28","guid":{"rendered":"http:\/\/www.association-aldo.fr\/?page_id=81"},"modified":"2014-12-06T16:47:28","modified_gmt":"2014-12-06T16:47:28","slug":"lexique","status":"publish","type":"page","link":"https:\/\/www.association-aldo.fr\/?page_id=81","title":{"rendered":"Lexique"},"content":{"rendered":"<table border=\"0\" width=\"100%\" cellspacing=\"0\" cellpadding=\"0\" align=\"center\">\n<tbody>\n<tr>\n<td width=\"22%\">\n<p class=\"style_double\">AAH<br \/>\nACTP<br \/>\nAES<br \/>\nAMP<br \/>\nAOT<br \/>\nAP<br \/>\nAVS<br \/>\nCAMS<br \/>\nCAMSP<br \/>\nCAT<br \/>\nCCPE<br \/>\nCDAPH<br \/>\nCDES<br \/>\nCFAS<br \/>\nCHS<br \/>\nCLI<br \/>\nCLIC<br \/>\nCLIS<br \/>\nCLSH<br \/>\nCMP<br \/>\nCNSA<br \/>\nCOTOREP<br \/>\nCPO<br \/>\nCRA<br \/>\nCRP<br \/>\nDA<br \/>\nDEFM<br \/>\nDV<br \/>\nEA<br \/>\nEEAP<br \/>\nEHPAD<br \/>\nEPSR<br \/>\nERP<br \/>\nESAT<br \/>\nESVAD<br \/>\nFAM<br \/>\nFH<br \/>\nFV<br \/>\nIDE<br \/>\nIEM<br \/>\nIES<br \/>\nIME<br \/>\nITEP<br \/>\nMAS<br \/>\nPCH<br \/>\nPDITH<br \/>\nPLIE<br \/>\nPMI<br \/>\nRQTH<br \/>\nSAD<br \/>\nSAFAH<br \/>\nSAFEP<br \/>\nSAFS<br \/>\nSAMSAH<br \/>\nSAS<br \/>\nSAVS<br \/>\nSEES<br \/>\nSEFFIS<br \/>\nSEGPA<br \/>\nSESSAD<br \/>\nSESSIP<br \/>\nSIPFP<br \/>\nSIVA<br \/>\nSPASAD<br \/>\nSSIAD<br \/>\nUAT<br \/>\nUPI<\/p>\n<\/td>\n<td class=\"style_double\" width=\"78%\">Allocation Adulte Handicap\u00e9<br \/>\nAllocation Compensatrice Tierce Personne<br \/>\nAllocation d&rsquo;\u00c9ducation Sp\u00e9ciale<br \/>\nAide M\u00e9dico-Psychologique<br \/>\nAutorit\u00e9 Organisatrice de Transport<br \/>\nAtelier Prot\u00e9g\u00e9<br \/>\nAuxiliaire de Vie Scolaire<br \/>\nCentre d&rsquo;Action M\u00e9dico-Sociale<br \/>\nCentre d&rsquo;Action M\u00e9dico-Sociale Pr\u00e9coce<br \/>\nCentre d&rsquo;Aide par le Travail<br \/>\nCommission de Circonscription Pr\u00e9scolaire et \u00c9l\u00e9mentaire<br \/>\nCommission des Droits et de l&rsquo;Autonomie des Personnes Handicap\u00e9es<br \/>\nCommission D\u00e9partementale de l&rsquo;\u00c9ducation Sp\u00e9ciale<br \/>\nCentre de Formation d&rsquo;Apprentis Sp\u00e9cialis\u00e9<br \/>\nCentre Hospitalier Sp\u00e9cialis\u00e9<br \/>\nCentre Langage et Int\u00e9gration<br \/>\nCentre Local d&rsquo;Information et de Coordination<br \/>\nCLasse d&rsquo;Int\u00e9gration Scolaire<br \/>\nCentre de Loisirs Sans H\u00e9bergement<br \/>\nCentre M\u00e9dico-Psychologique<br \/>\nCaisse Nationale de Solidarit\u00e9 pour l&rsquo;Autonomie<br \/>\nCommission Technique d&rsquo;Orientation et de Reclassement Professionnel<br \/>\nCentre de Pr\u00e9-Orientation<br \/>\nCentre de Ressources Autisme<br \/>\nCentre de Reclassement Professionnel<br \/>\nD\u00e9ficient Auditif<br \/>\nDemandeur d&rsquo;Emploi Fin de Mois<br \/>\nD\u00e9ficient Visuel<br \/>\nEntreprise Adapt\u00e9e<br \/>\n\u00c9tablissement pour Enfants et Adolescents Polyhandicap\u00e9s<br \/>\n\u00c9tablissement d&rsquo;H\u00e9bergement pour Personnes \u00c2g\u00e9es D\u00e9pendantes<br \/>\n\u00c9quipe de Pr\u00e9paration et de Suivi du Reclassement<br \/>\n\u00c9tablissement Recevant du Public<br \/>\n\u00c9tablissement et Service d&rsquo;Aide par le Travail<br \/>\n\u00c9quipe Sp\u00e9cialis\u00e9e pour une Vie Autonome \u00e0 Domicile<br \/>\nFoyer d&rsquo;Accueil M\u00e9dicalis\u00e9<br \/>\nFoyer d&rsquo;H\u00e9bergement<br \/>\nFoyer de Vie<br \/>\nInfirmier Dipl\u00f4m\u00e9 d&rsquo;\u00c9tat<br \/>\nInstitut d&rsquo;\u00c9ducation Motrice<br \/>\nInstitut d&rsquo;\u00c9ducation Sensorielle<br \/>\nInstitut M\u00e9dico-\u00c9ducatif<br \/>\nInstitut Th\u00e9rapeutique, \u00c9ducatif et P\u00e9dagogique<br \/>\nMaison d&rsquo;Accueil Sp\u00e9cialis\u00e9<br \/>\nPrestation de Compensation du Handicap<br \/>\nProgramme D\u00e9partemental d&rsquo;Insertion des Travailleurs Handicap\u00e9s<br \/>\nPlan Local pour l&rsquo;Insertion et l&rsquo;Emploi<br \/>\nProtection Maternelle et Infantile<br \/>\nReconnaissance de la Qualit\u00e9 Travailleur Handicap\u00e9<br \/>\nService \u00e0 Domicile<br \/>\nService d&rsquo;Accueil Familial pour Adultes Handicap\u00e9s<br \/>\nServices d&rsquo;Accompagnement Familial et d&rsquo;\u00c9ducation Pr\u00e9coce<br \/>\nService d&rsquo;Accueil Familial Sp\u00e9cialis\u00e9<br \/>\nService d&rsquo;Accompagnement M\u00e9dico-Social pour Adultes Handicap\u00e9s<br \/>\nSection d&rsquo;Accompagnement Sp\u00e9cialis\u00e9<br \/>\nService d&rsquo;Accompagnement \u00e0 la Vie Sociale<br \/>\nSection d&rsquo;\u00c9ducation et d&rsquo;Enseignement Sp\u00e9cialis\u00e9<br \/>\nService de soutien \u00e0 l&rsquo;\u00c9ducation Familiale et \u00e0 l&rsquo;Int\u00e9gration Scolaire<br \/>\nSection d&rsquo;Enseignement G\u00e9n\u00e9ral et Professionnel Adapt\u00e9<br \/>\nService d&rsquo;\u00c9ducation Sp\u00e9cialis\u00e9 et de Soins \u00e0 Domicile<br \/>\nService d&rsquo;\u00c9ducation, de Soins Sp\u00e9cialis\u00e9s et d&rsquo;Insertion Professionnelle<br \/>\nSection d&rsquo;Initiation et Premi\u00e8re Formation Professionnelle<br \/>\nSite pour la Vie Autonome<br \/>\nService Polyvalent d&rsquo;Aide et de Soins \u00e0 Domicile<br \/>\nService de Soins Infirmiers A Domicile<br \/>\nUnit\u00e9 d&rsquo;Adaptation au Travail<br \/>\nUnit\u00e9 P\u00e9dagogique d&rsquo;Int\u00e9gration<\/td>\n<\/tr>\n<\/tbody>\n<\/table>\n","protected":false},"excerpt":{"rendered":"<p>AAH ACTP AES AMP AOT AP AVS CAMS CAMSP CAT CCPE CDAPH CDES CFAS CHS CLI CLIC CLIS CLSH CMP CNSA COTOREP CPO CRA CRP DA DEFM DV EA EEAP EHPAD EPSR ERP ESAT ESVAD FAM FH FV IDE IEM IES IME ITEP MAS PCH PDITH PLIE PMI RQTH SAD SAFAH SAFEP SAFS SAMSAH SAS <a class=\"read-more\" href=\"https:\/\/www.association-aldo.fr\/?page_id=81\">[&hellip;]<\/a><\/p>\n","protected":false},"author":1,"featured_media":0,"parent":12,"menu_order":0,"comment_status":"open","ping_status":"open","template":"","meta":{"jetpack_post_was_ever_published":false,"footnotes":""},"class_list":["post-81","page","type-page","status-publish","hentry"],"jetpack_sharing_enabled":true,"jetpack_shortlink":"https:\/\/wp.me\/P5wfJU-1j","jetpack-related-posts":[],"_links":{"self":[{"href":"https:\/\/www.association-aldo.fr\/index.php?rest_route=\/wp\/v2\/pages\/81","targetHints":{"allow":["GET"]}}],"collection":[{"href":"https:\/\/www.association-aldo.fr\/index.php?rest_route=\/wp\/v2\/pages"}],"about":[{"href":"https:\/\/www.association-aldo.fr\/index.php?rest_route=\/wp\/v2\/types\/page"}],"author":[{"embeddable":true,"href":"https:\/\/www.association-aldo.fr\/index.php?rest_route=\/wp\/v2\/users\/1"}],"replies":[{"embeddable":true,"href":"https:\/\/www.association-aldo.fr\/index.php?rest_route=%2Fwp%2Fv2%2Fcomments&post=81"}],"version-history":[{"count":1,"href":"https:\/\/www.association-aldo.fr\/index.php?rest_route=\/wp\/v2\/pages\/81\/revisions"}],"predecessor-version":[{"id":82,"href":"https:\/\/www.association-aldo.fr\/index.php?rest_route=\/wp\/v2\/pages\/81\/revisions\/82"}],"up":[{"embeddable":true,"href":"https:\/\/www.association-aldo.fr\/index.php?rest_route=\/wp\/v2\/pages\/12"}],"wp:attachment":[{"href":"https:\/\/www.association-aldo.fr\/index.php?rest_route=%2Fwp%2Fv2%2Fmedia&parent=81"}],"curies":[{"name":"wp","href":"https:\/\/api.w.org\/{rel}","templated":true}]}}